{"id":77,"date":"2019-10-22T15:19:15","date_gmt":"2019-10-22T15:19:15","guid":{"rendered":"http:\/\/sdor.viki.is\/?page_id=77"},"modified":"2019-12-09T07:46:11","modified_gmt":"2019-12-09T07:46:11","slug":"about","status":"publish","type":"page","link":"https:\/\/sdor.viki.is\/index.php\/about\/","title":{"rendered":"A\u00f0fararor\u00f0"},"content":{"rendered":"\n<p>Tilur\u00f0 \u00feessa vefs er mikill \u00e1hugi f\u00f6\u00f0ur m\u00edns, Sigurd\u00f3rs Sigurd\u00f3rssonar, \u00e1 v\u00edsum og s\u00f6gum \u00feeim tengdum. \u00c1 r\u00famlega 40 \u00e1ra ferli s\u00ednum sem bla\u00f0ama\u00f0ur s\u00e1 hann anna\u00f0 hvort um v\u00edsna\u00fe\u00e6tti e\u00f0a birti v\u00edsur og s\u00f6gur \u00ed \u00f3l\u00edkum \u00fe\u00e1ttum og d\u00e1lkum \u00ed \u00feeim dagbl\u00f6\u00f0um sem hann starfa\u00f0i vi\u00f0. \u00c1 \u00feessu t\u00edmabili birti hann yfir 2000 v\u00edsur og oftast voru s\u00f6gur tengdar \u00feeim. Sumar \u00feeirra birtust oftar en einu sinni enda er g\u00f3\u00f0 v\u00edsa sjaldan of oft birt, eins og gamla konan sag\u00f0i.<\/p>\n\n\n\n<p><br>\u00deessar v\u00edsur eru mikill menningarfj\u00e1rsj\u00f3\u00f0ur og \u00fe\u00f3 \u00fe\u00e6r megi finna \u00ed dagbl\u00f6\u00f0um sem spanna um 40 \u00e1r \u00fe\u00e1 eru \u00fe\u00e6r \u00e1 engan h\u00e1tt n\u00f3gu a\u00f0gengilegar \u00feeim sem \u00e1huga hafa \u00e1 sl\u00edku. M\u00e9r var \u00fev\u00ed lj\u00faft og skylt a\u00f0 safna \u00feessu saman og setja \u00ed handrit svo \u00e1hugasamir geti haft af v\u00edsunum gagn og gaman.<\/p>\n\n\n\n<p><br>Sj\u00e1lf var \u00e9g svo l\u00e1ns\u00f6m a\u00f0 alast upp vi\u00f0 v\u00edsnahef\u00f0ina. Fr\u00e1 \u00fev\u00ed \u00e9g man eftir m\u00e9r sag\u00f0i fa\u00f0ir minn okkur systrunum s\u00f6gur og v\u00edsur og s\u00f6ng fyrir okkur v\u00edsur fyrir svefninn \u00feegar vi\u00f0 vorum b\u00f6rn. Hann h\u00e9lt \u00fev\u00ed \u00e1fram \u00feegar barnab\u00f6rnin komu til s\u00f6gunnar og enn \u00feann dag \u00ed dag nj\u00f3tum vi\u00f0 \u00feess a\u00f0 hlusta \u00e1 hann segja okkur skemmtis\u00f6gur og fara me\u00f0 vel ortar v\u00edsur \u00feegar vi\u00f0 \u00e1.<\/p>\n\n\n\n<p><br> Fa\u00f0ir minn er ekki bara mikill gle\u00f0igjafi heldur menningarmi\u00f0lari a\u00f0 upplagi en segja m\u00e1 a\u00f0 hann hafi veri\u00f0 \u00fea\u00f0 strax fr\u00e1 unga aldri.<\/p>\n\n\n\n<p><br>Fingraf\u00f6rin hans sj\u00e1st fyrst \u00e1ri\u00f0 1955, \u00fe\u00e1 varla sautj\u00e1n vetra, \u00feegar hann kom fram sem s\u00f6ngvari \u00e1 vegum \u00cdslenskra t\u00f3na. N\u00e6stu t\u00f3lf \u00e1rin s\u00f6ng hann \u00edslensk og erlend d\u00e6gurl\u00f6g \u00e1 skemmtunum um allt land. \u00deekktastur er hann \u00fe\u00f3 fyrir ,,Mar\u00eduna\u201c s\u00edna \u2013 en hann ger\u00f0i \u00de\u00f3rsmerkurlj\u00f3\u00f0 Sigur\u00f0ar \u00de\u00f3rarinssonar \u00f3dau\u00f0legt svo enn syngja menn um hana ,,Mar\u00edu s\u00edna\u201c \u00ed g\u00f3\u00f0ra vina h\u00f3pi. F\u00e6stir vita \u00fe\u00f3 a\u00f0 Sigurd\u00f3r \u00fe\u00fdddi og sta\u00f0f\u00e6r\u00f0i fj\u00f6lda erlendra texta sem hann og a\u00f0rir sungu \u00e1 skemmtunum \u00e1 \u00e1rum \u00e1\u00f0ur.<br>Sem prentari til fj\u00f6lda \u00e1ra var hann einn af m\u00f6rgum \u00ed \u00feeirri ke\u00f0ju sem skila b\u00f3kum fullunnum til \u00feeirra sem finna fr\u00f3un \u00ed lestri b\u00f3ka.<\/p>\n\n\n\n<p><br>\u00c1 t\u00edu \u00e1ra t\u00edmabili e\u00f0a fr\u00e1 \u00e1rinu 1977 til 1987 starfa\u00f0i hann sem fararstj\u00f3ri fyrir \u00cdslendinga \u00e1 Sp\u00e1ni og sem sl\u00edkur mi\u00f0la\u00f0i hann \u00f3spart menningunni til far\u00feega sinna. Hann f\u00f3r me\u00f0 fj\u00f6ldann allan af v\u00edsum og s\u00f6gur \u00feeim tengdum \u00ed r\u00fatunum sem voru fullar af l\u00f6ndum hans og svo s\u00f6ng hann \u00de\u00f3rsmerkurlj\u00f3\u00f0i\u00f0 sem og \u00f6nnur s\u00f6ngl\u00f6g oftar en nokkurn grunar. <\/p>\n\n\n\n<p><br>Bla\u00f0amennskan er \u00fe\u00f3 \u00fea\u00f0 sem hann er \u00feekktastur fyrir enda starfa\u00f0i hann sem sl\u00edkur \u00ed r\u00fam 40 \u00e1r. Flestir \u00feekkja hann \u00fear sem S.d\u00f3r. Lengst af var hann almennur bla\u00f0ama\u00f0ur og skrifa\u00f0i alla t\u00ed\u00f0 miki\u00f0 um p\u00f3lit\u00edk. Fyrstu t\u00edu \u00e1rin starfa\u00f0i hann einnig sem \u00ed\u00fer\u00f3ttafr\u00e9ttaritari, \u00fea\u00f0 efni vann hann \u00e1 kv\u00f6ldin og um helgar. Auk \u00feessa var hann bla\u00f0alj\u00f3smyndari \u00ed nokkur \u00e1r samhli\u00f0a bla\u00f0amennskunni. F\u00e6stir hafa \u00fe\u00f3 l\u00edklega unni\u00f0 s\u00e9r \u00fea\u00f0 til fr\u00e6g\u00f0ar a\u00f0 skrifa \u00ed bla\u00f0 og taka lj\u00f3smyndir fyrir \u00fea\u00f0 og prenta s\u00ed\u00f0an bla\u00f0i\u00f0 um n\u00f3ttina. \u00deetta ger\u00f0i hann nokku\u00f0 oft fyrstu \u00e1rin \u00e1 \u00dej\u00f3\u00f0viljanum en \u00fear h\u00f3f hann sinn bla\u00f0amannaferil.<\/p>\n\n\n\n<p><br>V\u00edsur og v\u00edsnager\u00f0 er eitt af m\u00f6rgum \u00e1hugam\u00e1lum hans og n\u00e1\u00f0i hann a\u00f0 mi\u00f0la \u00feeim \u00e1huga til lesenda \u00feeirra bla\u00f0a sem hann vann hj\u00e1 hverju sinni. Fyrsti v\u00edsna\u00fe\u00e1ttur hans birtist \u00ed \u00dej\u00f3\u00f0viljanum 13. okt\u00f3ber 1974 og allar g\u00f6tur s\u00ed\u00f0an var hann anna\u00f0 hvort me\u00f0 fasta \u00fe\u00e6tti \u00ed bl\u00f6\u00f0unum e\u00f0a birti v\u00edsur og s\u00f6gur \u00ed \u00f6\u00f0rum \u00fe\u00e1ttum.<\/p>\n\n\n\n<p><br>\u00deessi vefur er afrakstur \u00feessara v\u00edsna\u00fe\u00e1tta. \u00dea\u00f0 er von m\u00edn a\u00f0 \u00fei\u00f0 hafi\u00f0 jafn gaman af \u00fev\u00ed a\u00f0 lesa \u00feessar s\u00ed\u00f0ur eins og \u00e9g haf\u00f0i a\u00f0 safna \u00feeim saman.<br><\/p>\n\n\n\n<p class=\"has-text-align-right\">  Halld\u00f3ra Sigurd\u00f3rsd\u00f3ttir <\/p>\n","protected":false},"excerpt":{"rendered":"<p>Tilur\u00f0 \u00feessa vefs er mikill \u00e1hugi f\u00f6\u00f0ur m\u00edns, Sigurd\u00f3rs Sigurd\u00f3rssonar, \u00e1 v\u00edsum og s\u00f6gum \u00feeim tengdum. \u00c1 r\u00famlega 40 \u00e1ra ferli s\u00ednum sem bla\u00f0ama\u00f0ur s\u00e1 hann anna\u00f0 hvort um v\u00edsna\u00fe\u00e6tti e\u00f0a birti v\u00edsur og s\u00f6gur \u00ed \u00f3l\u00edkum \u00fe\u00e1ttum og d\u00e1lkum \u00ed \u00feeim dagbl\u00f6\u00f0um sem hann starfa\u00f0i vi\u00f0. \u00c1 \u00feessu t\u00edmabili birti hann yfir 2000 v\u00edsur &hellip; <\/p>\n<p class=\"link-more\"><a href=\"https:\/\/sdor.viki.is\/index.php\/about\/\" class=\"more-link\">Continue reading<span class=\"screen-reader-text\"> &#8220;A\u00f0fararor\u00f0&#8221;<\/span><\/a><\/p>\n","protected":false},"author":1,"featured_media":265,"parent":0,"menu_order":0,"comment_status":"closed","ping_status":"closed","template":"","meta":{"om_disable_all_campaigns":false,"_monsterinsights_skip_tracking":false,"_monsterinsights_sitenote_active":false,"_monsterinsights_sitenote_note":"","_monsterinsights_sitenote_category":0,"_uf_show_specific_survey":0,"_uf_disable_surveys":false,"footnotes":""},"class_list":["post-77","page","type-page","status-publish","has-post-thumbnail","hentry"],"aioseo_notices":[],"_links":{"self":[{"href":"https:\/\/sdor.viki.is\/index.php\/wp-json\/wp\/v2\/pages\/77","targetHints":{"allow":["GET"]}}],"collection":[{"href":"https:\/\/sdor.viki.is\/index.php\/wp-json\/wp\/v2\/pages"}],"about":[{"href":"https:\/\/sdor.viki.is\/index.php\/wp-json\/wp\/v2\/types\/page"}],"author":[{"embeddable":true,"href":"https:\/\/sdor.viki.is\/index.php\/wp-json\/wp\/v2\/users\/1"}],"replies":[{"embeddable":true,"href":"https:\/\/sdor.viki.is\/index.php\/wp-json\/wp\/v2\/comments?post=77"}],"version-history":[{"count":7,"href":"https:\/\/sdor.viki.is\/index.php\/wp-json\/wp\/v2\/pages\/77\/revisions"}],"predecessor-version":[{"id":490,"href":"https:\/\/sdor.viki.is\/index.php\/wp-json\/wp\/v2\/pages\/77\/revisions\/490"}],"wp:featuredmedia":[{"embeddable":true,"href":"https:\/\/sdor.viki.is\/index.php\/wp-json\/wp\/v2\/media\/265"}],"wp:attachment":[{"href":"https:\/\/sdor.viki.is\/index.php\/wp-json\/wp\/v2\/media?parent=77"}],"curies":[{"name":"wp","href":"https:\/\/api.w.org\/{rel}","templated":true}]}}