{"id":63,"date":"2019-10-22T16:02:45","date_gmt":"2019-10-22T16:02:45","guid":{"rendered":"http:\/\/sdor.viki.is\/?page_id=63"},"modified":"2019-11-22T14:31:38","modified_gmt":"2019-11-22T14:31:38","slug":"thjodviljinn","status":"publish","type":"page","link":"https:\/\/sdor.viki.is\/index.php\/thjodviljinn\/","title":{"rendered":"\u00dej\u00f3\u00f0viljinn"},"content":{"rendered":"\n<div class=\"wp-block-button alignleft\"><a class=\"wp-block-button__link has-text-color has-background has-cyan-bluish-gray-background-color\" href=\"http:\/\/sdor.viki.is\/index.php\/1974-2\/\" style=\"color:#ffffff\"> 1974<\/a><\/div>\n\n\n\n<div class=\"wp-block-button alignleft\"><a class=\"wp-block-button__link has-text-color has-background has-cyan-bluish-gray-background-color\" href=\"http:\/\/sdor.viki.is\/index.php\/visnathaettir-1975\/\" style=\"color:#ffffff\"><strong> 1975<\/strong><\/a><\/div>\n\n\n\n<div class=\"wp-block-button alignleft\"><a class=\"wp-block-button__link has-background has-cyan-bluish-gray-background-color\" href=\"http:\/\/sdor.viki.is\/index.php\/kekkir-i-hafragrautnum\/\">Kekkir \u00ed hafragrautnum<\/a><\/div>\n","protected":false},"excerpt":{"rendered":"","protected":false},"author":1,"featured_media":264,"parent":0,"menu_order":0,"comment_status":"closed","ping_status":"closed","template":"","meta":{"om_disable_all_campaigns":false,"_monsterinsights_skip_tracking":false,"_monsterinsights_sitenote_active":false,"_monsterinsights_sitenote_note":"","_monsterinsights_sitenote_category":0,"_uf_show_specific_survey":0,"_uf_disable_surveys":false,"footnotes":""},"class_list":["post-63","page","type-page","status-publish","has-post-thumbnail","hentry"],"aioseo_notices":[],"_links":{"self":[{"href":"https:\/\/sdor.viki.is\/index.php\/wp-json\/wp\/v2\/pages\/63","targetHints":{"allow":["GET"]}}],"collection":[{"href":"https:\/\/sdor.viki.is\/index.php\/wp-json\/wp\/v2\/pages"}],"about":[{"href":"https:\/\/sdor.viki.is\/index.php\/wp-json\/wp\/v2\/types\/page"}],"author":[{"embeddable":true,"href":"https:\/\/sdor.viki.is\/index.php\/wp-json\/wp\/v2\/users\/1"}],"replies":[{"embeddable":true,"href":"https:\/\/sdor.viki.is\/index.php\/wp-json\/wp\/v2\/comments?post=63"}],"version-history":[{"count":9,"href":"https:\/\/sdor.viki.is\/index.php\/wp-json\/wp\/v2\/pages\/63\/revisions"}],"predecessor-version":[{"id":325,"href":"https:\/\/sdor.viki.is\/index.php\/wp-json\/wp\/v2\/pages\/63\/revisions\/325"}],"wp:featuredmedia":[{"embeddable":true,"href":"https:\/\/sdor.viki.is\/index.php\/wp-json\/wp\/v2\/media\/264"}],"wp:attachment":[{"href":"https:\/\/sdor.viki.is\/index.php\/wp-json\/wp\/v2\/media?parent=63"}],"curies":[{"name":"wp","href":"https:\/\/api.w.org\/{rel}","templated":true}]}}