{"id":222,"date":"2019-10-22T17:38:50","date_gmt":"2019-10-22T17:38:50","guid":{"rendered":"http:\/\/sdor.viki.is\/?page_id=222"},"modified":"2019-11-25T14:32:13","modified_gmt":"2019-11-25T14:32:13","slug":"sandkorn-1995","status":"publish","type":"page","link":"https:\/\/sdor.viki.is\/index.php\/sandkorn-1995\/","title":{"rendered":"Sandkorn 1995"},"content":{"rendered":"\n<p><strong>Silfursj\u00f3\u00f0urinn   <\/strong><br>\u00cd Austra er sk\u00fdr fr\u00e1 \u00fev\u00ed a\u00f0 \u00feegar fr\u00e9ttin um hinn r\u00e9tta aldur silfursj\u00f3\u00f0sins fr\u00e1 Mi\u00f0h\u00fasum barst landsl\u00fd\u00f0 \u00e1 \u00f6ldum lj\u00f3svakans hafi hagyr\u00f0ingurinn H\u00e1kon A\u00f0alsteinsson ort v\u00edsu sem hann og Sigr\u00fan Benediktsd\u00f3ttir sendu hj\u00f3nunum \u00ed Mi\u00f0h\u00fasum. V\u00edsan er svona:<\/p>\n\n\n\n<p>Rann af m\u00f6nnum m\u00f3\u00f0urinn,<br>margra l\u00e9ttist byr\u00f0in.<br>N\u00fa er silfursj\u00f3\u00f0urinn<br>sinnar \u00feyngdar vir\u00f0i. <\/p>\n\n\n\n<p class=\"has-text-align-right\"> DV 28. \u00e1g\u00fast 1995<\/p>\n\n\n\n<p><strong>Fimmeyringurinn  <\/strong><br>Eftirfarandi v\u00edsa er ort af \u00f3nefndum verkamanni sem bl\u00f6skra\u00f0i 40 \u00fe\u00fasundkallinn sem \u00feingmenn fengu skattfr\u00edtt. V\u00edsan er ort vi\u00f0 lagi\u00f0 ,,Ef hj\u00e1 honum pabba einn fimmeyring \u00e9g fengi.&#8221; \u00deetta hef\u00f0i \u00e1tt a\u00f0 raula \u00e1 Ing\u00f3lfstorginu en var \u00fev\u00ed mi\u00f0ur sett saman a\u00f0eins of seint!<\/p>\n\n\n\n<p>Ef hj\u00e1 D\u00f3ra og Dabba \u00e9g fj\u00f6rut\u00edu \u00fe\u00fasund fengi,<br>fjarskalega k\u00e1tur \u00e9g skuldir fengi greitt.<br>\u00c9g myndi kaupa \u00ed matinn og lifa vel og lengi,<br>langt nef gefa Skattmann \u00fev\u00ed hann feng&#8217;ekki neitt.<\/p>\n\n\n\n<p><strong>Bak vi\u00f0 r\u00e9ttarvegginn<\/strong><br>\u00cd s\u00ed\u00f0asta v\u00edsna\u00fe\u00e6tti Austra eru nokkrar v\u00edsur sem ortar hafa veri\u00f0 \u00e1  hagyr\u00f0ingam\u00f3tum \u00e1 li\u00f0num \u00e1rum. \u00dear \u00e1 me\u00f0al er v\u00edsa sem ort var \u00ed tilefni \u00feess a\u00f0 menn \u00e1 hagyr\u00f0ingam\u00f3tinu r\u00e6ddu um messu sem hestamenn h\u00f6f\u00f0u veri\u00f0 vi\u00f0 \u00ed \u00c1rb\u00e6. J\u00f3hannes Gu\u00f0mundsson \u00ed Stapa orti \u00fe\u00e1 \u00feessu skemmtilegu v\u00edsu.<\/p>\n\n\n\n<p>Gu\u00f0s\u00fej\u00f3nustu gegndu af list,<br>gleypt var hinsta dreggin.<br>\u00dear menn berg\u00f0u bl\u00f3\u00f0i\u00f0 Krists,<br>bak vi\u00f0 r\u00e9ttarveggt\u00f3n.<\/p>\n\n\n\n<p class=\"has-text-align-right\"> DV 18. sept. 1995<\/p>\n\n\n\n<p><strong>Snjall er Ari<\/strong>   <br>\u00c1 b\u00fai Ara Teitssonar, b\u00e6ndaforingja \u00e1 Br\u00fani Beykjadal, standa n\u00fa yfir byggingarframkv\u00e6mdir \u00feannig a\u00f0 fr\u00e1 \u00fej\u00f3\u00f0vegi s\u00e9\u00f0 l\u00edtur helst \u00fat fyrir a\u00f0 b\u00fai\u00f0 s\u00e9 a\u00f0 reisa h\u00e1an g\u00e1lga \u00e1 t\u00faninu skammt fr\u00e1 b\u00e6num. Hagyr\u00f0ingi, sem \u00e1tti \u00fearna lei\u00f0 um, var\u00f0 a\u00f0 or\u00f0i \u00feegar hann s\u00e1 ,,g\u00e1lgann&#8221;:<\/p>\n\n\n\n<p>Snjall er Ari, \u00ferautar\u00e1\u00f0i r\u00e9tta s\u00e1 hann,<br>a\u00f0 reisa g\u00e1lga svona h\u00e1an.<br>\u00dea\u00f0 s\u00fdnist auglj\u00f3st m\u00e1l hva\u00f0 er \u00ed v\u00e6ndum,<br>\u00fea\u00f0 \u00e1 a\u00f0 f\u00e6kka b\u00e6ndum.<br>G\u00e1lginn h\u00e1i greyptur skal \u00ed minni manna<br>sem merki b\u00e6ndasamtakanna.<\/p>\n\n\n\n<p class=\"has-text-align-right\"> DV 20. sept. 1995<\/p>\n\n\n\n<p><strong>Forgangsr\u00f6\u00f0in     <\/strong><br>Ni\u00f0urskur\u00f0ur \u00ed heilbrig\u00f0ism\u00e1lunum hefur veri\u00f0 eitt heitasta p\u00f3lit\u00edska umr\u00e6\u00f0uefni\u00f0 s\u00ed\u00f0sumars.\u00dear s\u00fdnist sitt hvetjum. Me\u00f0al \u00feeirra tillagna sem komi\u00f0 hafa fram er a\u00f0 forgangsra\u00f0a hj\u00e1 sj\u00fakrah\u00fasum. R\u00e1\u00f0herra og \u00feingmenn segja a\u00f0 \u00fea\u00f0 s\u00e9 verk l\u00e6kna a\u00f0 forgangsra\u00f0a vi\u00f0 sj\u00fakrah\u00fasin. L\u00e6knar segja aftur \u00e1 m\u00f3ti a\u00f0 \u00fea\u00f0 ver\u00f0i a\u00f0 vera vera verk r\u00e1\u00f0amanna, \u00feeirra sem \u00e6tla a\u00f0 skera ni\u00f0ur fj\u00e1rveitingar til sj\u00fakrah\u00fasanna. Ingvar G\u00edslason, fyrrum ritstj\u00f3ri, \u00feingma\u00f0ur og r\u00e1\u00f0herra orti \u00feessa snj\u00f6llu st\u00f6ku um forgagnsr\u00f6\u00f0un sj\u00faklinga.<\/p>\n\n\n\n<p>Finnist v\u00e6nleg forgangsr\u00f6\u00f0<br>f\u00f3lks \u00ed heljarnau\u00f0um.<br>Ra\u00f0ast upp \u00e1 reikningsbl\u00f6\u00f0<br>r\u00edkir ofar nau\u00f0um.<\/p>\n\n\n\n<p class=\"has-text-align-right\"> DV 22. sept. 1995<\/p>\n\n\n\n<p><strong>Margir lof&#8217;ann <\/strong>   <br>Dagur birti \u00e1 d\u00f6gunum eina af kunnustu prestv\u00edsum sem til eru. V\u00edsan er eftir lands \u00feekktan hagyr\u00f0ing en n\u00fa \u00feorir ma\u00f0ur ekki a\u00f0 nefna v\u00edsnah\u00f6funda af \u00f3tta vi\u00f0 a\u00f0 f\u00e1 yfir sig dembu \u00ed bl\u00f6\u00f0um \u00fear sem menn afneita afkv\u00e6mi s\u00ednu.En v\u00edsan er svona:<\/p>\n\n\n\n<p>Miki\u00f0 er hve margir lof\u2018ann<br>menn sem alltaf hafa s\u00e9\u00f0\u2018ann<br>skr\u00fdddan k\u00e1pu Krists a\u00f0 ofan,<br>kl\u00e6ddan skollabuxum ne\u00f0an.<\/p>\n\n\n\n<p>S\u00ed\u00f0an birtir bla\u00f0i\u00f0 skemmalega styttingu \u00e1 v\u00edsunni:<\/p>\n\n\n\n<p>Miki\u00f0 er hve margir lof\u2018ann<br>a\u00f0 ofan.<br>Menn sem hafa s\u00e9\u00f0\u2018ann<br>a\u00f0 ne\u00f0an.<\/p>\n\n\n\n<p class=\"has-text-align-right\"> DV 29. sept. 1995<\/p>\n\n\n\n<p><strong>Heimas\u00e6tan <\/strong><br>Fj\u00e1rlaganefnd Al\u00feingis var \u00e1 fer\u00f0 um kj\u00f6rd\u00e6min \u00ed sumar. \u00dear \u00e1 me\u00f0al var fari\u00f0 um \u00deingeyjars\u00fdslur. \u00c1rni Johnsen \u00e1 s\u00e6ti \u00ed nefndinni. Hj\u00e1lmar J\u00f3nsson \u00e1 l\u00edka s\u00e6t \u00ed nefndinni og segir hann a\u00f0 \u00c1rni taki bara vi\u00f0t\u00f6l vi\u00f0 skipstj\u00f3ra \u00ed Vestmannaeyjum fyrir Mogga. \u00cd fer\u00f0inni um \u00deingeyjars\u00fdslur br\u00e1st hins vegar svo vi\u00f0 a\u00f0 \u00c1rni hitti gamla konu og t\u00f3k vi\u00f0 hana vi\u00f0tal. \u00c1rni reyndi, a\u00f0 s\u00f6gn kollega sinna \u00ed Fj\u00e1rlaganefnd miki\u00f0 a\u00f0 f\u00e1 konuna til a\u00f0 segja fr\u00e1 \u00e1starl\u00edfi s\u00ednu og r\u00e6\u00f0a kynl\u00edfi\u00f0 en gekk illa. Um \u00feetta orti Hj\u00e1lmar J\u00f3nsson:<\/p>\n\n\n\n<p>\u00c1rni s\u00e9r \u00ed sveitir br\u00e1<br>og s\u00fdndi me\u00f0 \u00fev\u00ed framfarir.<br>Heimas\u00e6tu hitti \u00fe\u00e1<br>og haf\u00f0i vi\u00f0 hana &#8211; vi\u00f0tal<\/p>\n\n\n\n<p><strong>M\u00e1tti reyna<\/strong><br>J\u00f3n Kristj\u00e1nsson forma\u00f0ur fj\u00e1rlaganefndar er hagyr\u00f0ingur g\u00f3\u00f0ur. Hann fylgdist grannt me\u00f0 \u00feessu vi\u00f0talsm\u00e1li \u00c1rna og \u00feingeysku heimas\u00e6tunnar og orti \u00ed sama tilefi og Hj\u00e1lmar:<\/p>\n\n\n\n<p>\u00c1rni er i\u00f0nastur sveina<br>og \u00e1reitti kerlingu eina.<br>H\u00fan sag\u00f0i alltaf nei<br>og sag\u00f0ist hrein mey<br>en \u00fea\u00f0 saka\u00f0i samt ekki a\u00f0 reyna.<\/p>\n\n\n\n<p class=\"has-text-align-right\"> DV 13. okt. 1995<\/p>\n\n\n\n<p><strong>Upph\u00e6\u00f0ir af eru stemmdar <\/strong><br>\u00c1 fer\u00f0 fj\u00e1rlaganefndar um kj\u00f6rd\u00e6mi landsins \u00ed sumar h\u00e9lt J\u00f3n Kristj\u00e1nsson \u00c1 fer\u00f0um fj\u00e1rlaganefndar um kj\u00f6rd\u00e6mi landsins \u00ed  sumar h\u00e9lt J\u00f3n Kristj\u00e1nsson, forma\u00f0ur nefndarinnar, alltaf r\u00e6\u00f0ur eins og vera bar. J\u00f3n sag\u00f0i alltaf a\u00f0 n\u00fa v\u00e6ru erfi\u00f0ir t\u00edmar og a\u00f0 n\u00e1 \u00feyrfti fj\u00e1rlagahallanum ni\u00f0ur me\u00f0 \u00fev\u00ed a\u00f0 skera og skera. Eitt sinn eftir svona r\u00e6\u00f0ur orti Hj\u00e1lmar J\u00f3nsson, sem s\u00e6ti \u00e1 \u00ed nefndinni, \u00feessa limru:<\/p>\n\n\n\n<p>Upph\u00e6\u00f0ir af skornum stemmdar <br>yfirleitt skornar og klemmdar.<br>Hann er grimmur sem lj\u00f3n<br>\u00feessi g\u00f3\u00f0legi J\u00f3n,<br>sem er forma\u00f0ur fj\u00e1rlaganefndar.<\/p>\n\n\n\n<p>\u00c1rni Johnsen og Hj\u00e1lmar J\u00f3nsson eiga b\u00e1\u00f0ir s\u00e6ti \u00ed fj\u00e1rlaganefnd Al\u00feingis. \u00c1 fundi nefndarinnar me\u00f0 h\u00e9ra\u00f0snefnd Eyfir\u00f0inga og b\u00e6jarstj\u00f3rn Dalv\u00edkur voru \u00feeir flokksbr\u00e6\u00f0ur eitthva\u00f0 a\u00f0 kankast \u00e1 og skaut \u00c1rni v\u00edsu me\u00f0 meininum a\u00f0 Hj\u00e1lmari sem svara\u00f0i a\u00f0 brag\u00f0i:<\/p>\n\n\n\n<p> \u00c1rna Johnsen \u00feekkir \u00fej\u00f3\u00f0<br>og \u00feolir af honum hrekki.<br>Gjarnan vill hann gera lj\u00f3\u00f0<br>en getur \u00fea\u00f0 bara ekki.<\/p>\n\n\n\n<p class=\"has-text-align-right\"> DV 18. okt. 1995<\/p>\n\n\n\n<p><strong>\u00deingma\u00f0ur g\u00f6tunnar<\/strong>  <br>\u00dea\u00f0 er meira ort af g\u00f3\u00f0um v\u00edsum \u00e1 Al\u00feingi n\u00fa um stundir en veri\u00f0 hefur lengi. \u00dea\u00f0 eru margir hagyr\u00f0ingar \u00ed h\u00f3pi \u00feingmanna og sumir g\u00f3\u00f0ir. \u00dear \u00ed h\u00f3pi er s\u00e9ra Hj\u00e1lmar J\u00f3nsson, \u00feingma\u00f0ur Sj\u00e1lfst\u00e6\u00f0isflokksins, og enda landskunnur sem sl\u00edkur. Hj\u00e1lmar yrkir miki\u00f0 og er flj\u00f3tur a\u00f0 \u00fev\u00ed. \u00dea\u00f0 var einhvern t\u00edma \u00ed haust, \u00ed miklum p\u00f3lit\u00edskum umr\u00e6\u00f0um, a\u00f0 Svavar Gestsson, \u00feingma\u00f0ur og fyrrum menntam\u00e1lar\u00e1\u00f0herra, f\u00f3r mikinn \u00ed r\u00e6\u00f0ust\u00f3l. Hann \u00fath\u00fa\u00f0a\u00f0i r\u00edkisstj\u00f3rninni, sag\u00f0i hana l\u00fana og senn b\u00fana a\u00f0 vera. \u00de\u00e1 orti s\u00e9ra Hj\u00e1lmar.<\/p>\n\n\n\n<p>L\u00fain er stj\u00f3rnin, og lek eins og hrip<br>og l\u00e1tin, senn borin til grafar,<br>\u00feruma\u00f0i \u00far r\u00e6\u00f0ust\u00f3l, \u00feungur \u00e1 svip,<br>\u00feingma\u00f0ur g\u00f6tunnar, Svavar.<\/p>\n\n\n\n<p class=\"has-text-align-right\"> DV 27. okt. 1995<\/p>\n\n\n\n<p><strong>F\u00e6 \u00ed kvi\u00f0inn kveisusting<\/strong>   <br>Halld\u00f3r Bl\u00f6ndal samg\u00f6ngur\u00e1\u00f0herra f\u00f3r mikinn s\u00ed\u00f0sumars vi\u00f0 a\u00f0 klippa \u00e1 bor\u00f0a \u00feegar n\u00fdjar br\u00fdr e\u00f0a vegarspottar voru opna\u00f0ir. Me\u00f0al annars voru tv\u00e6r br\u00fdr \u00e1 Austurlandi opna\u00f0ar formlega. Vi\u00f0 opnun br\u00faar \u00e1 J\u00f6kuldal var bo\u00f0i\u00f0 til kaffidrykkju og hnall\u00fe\u00f3ru\u00e1ts eftir a\u00f0 Halld\u00f3r haf\u00f0i klippt \u00e1 bor\u00f0ann. \u00de\u00f3tti J\u00f6kuld\u00e6lingum \u00fea\u00f0 \u00feunnur \u00ferett\u00e1ndi a\u00f0 f\u00e1 engar gu\u00f0aveigar, bara kaffi. \u00de\u00e1 var\u00f0 \u00feessi v\u00edsa til.<\/p>\n\n\n\n<p>Yfir glasi \u00e6t\u00ed\u00f0 syng,<br>alltaf \u00fe\u00e1 er gaman.<br>En f\u00e6 \u00ed kvi\u00f0inn kveisusting<br>af kaffinu einu saman.<\/p>\n\n\n\n<p class=\"has-text-align-right\"> DV 1. n\u00f3v. 1995<\/p>\n\n\n\n<p><strong>Mannviti\u00f0 <\/strong><br>P\u00e1ll P\u00e9tursson, b\u00f3ndi og r\u00e1\u00f0herra fr\u00e1 H\u00f6llust\u00f6\u00f0um, og J\u00f3n Baldvin Hannibalsson hafa lengi elda\u00f0 gr\u00e1tt silfur \u00ed p\u00f3lit\u00edk og gengi\u00f0 \u00e1 \u00fdmsu. \u00c1 d\u00f6gunum ger\u00f0ist \u00fea\u00f0 a\u00f0 \u00d3lafur Hannibalsson, br\u00f3\u00f0ir J\u00f3ns, kom inn \u00e1 \u00feing sem varama\u00f0ur Einars Odds Kristj\u00e1nssonar. \u00deetta er \u00ed fyrsta sinn sem \u00d3lafur situr \u00e1 Al\u00feingi. \u00deess vegna var\u00f0 hann a\u00f0 undirrita ei\u00f0staf \u00ed upphafi \u00feingfundar. \u00c1 me\u00f0an \u00d3lafur var a\u00f0 undirrita orti P\u00e1ll P\u00e9tursson:<\/p>\n\n\n\n<p>Alltaf vex \u00fea\u00f0 meir og meir,<br>mannviti\u00f0 \u00ed \u00feessum sal.<br>Eru \u00feeir n\u00fa or\u00f0nir tveir,<br>undan gamla Hannibal.<\/p>\n\n\n\n<p class=\"has-text-align-right\"> DV 10. n\u00f3v. 1995<\/p>\n\n\n\n<p><strong>Interneti\u00f0 <\/strong><br>\u00dea\u00f0 var ekki l\u00edti\u00f0 sem gekk \u00e1 h\u00e9r \u00e1 d\u00f6gunum \u00feegar birtist lj\u00f3smynd \u00e1 Internetinu af Hei\u00f0ari J\u00f3nssyni snyrtifr\u00e6\u00f0ingi vi\u00f0 vafasamt ath\u00e6fi, a\u00f0 \u00fev\u00ed er m\u00f6rgum \u00fe\u00f3tti. \u00dea\u00f0 gat \u00fev\u00ed ekki hj\u00e1 \u00fev\u00ed fari\u00f0 a\u00f0 hagyr\u00f0ingar f\u00e6ru af<br>sta\u00f0, \u00feeir gera \u00fea\u00f0 \u00fe\u00f3tt minni m\u00e1l s\u00e9u \u00ed gangi. N\u00fa eru v\u00edsurnar farnar a\u00f0 t\u00ednast inn og er eftirfarandi v\u00edsa s\u00f6g\u00f0 vera ort af verkstj\u00f3ra \u00ed Neskaupsta\u00f0.<\/p>\n\n\n\n<p>Um Interneti\u00f0 a\u00f0 fer\u00f0ast \u00feykir f\u00ednt og flott<br>\u00fe\u00f3tt f\u00e6stir vilji s\u00fdna sig \u00fear bera.<br>Hitt er \u00f6llu verra og ekki n\u00f3gu gott<br>ef enginn vil n\u00fa \u201ehei\u00f0arlegur&#8221; vera.<\/p>\n\n\n\n<p class=\"has-text-align-right\"> DV 17. n\u00f3v. 1995<\/p>\n\n\n\n<p><strong>Eyjasveinninn<\/strong><br>\u00dea\u00f0 gekk ekki l\u00edti\u00f0 \u00e1 um daginn milli \u00feeirra al\u00feingismannanna \u00d6ssurar Skarph\u00e9\u00f0inssonar og \u00c1rna Johnsen \u00ed or\u00f0askaki, eyrnakl\u00edpingum og endasp\u00f6rkum. Brag\u00f0minni atbur\u00f0ir en \u00feessir hafa or\u00f0i\u00f0 hagyr\u00f0ingum a\u00f0 yrkisefni. Dagfari DV fjalla\u00f0i um \u00feetta m\u00e1l af einur\u00f0 og alv\u00f6ru og var\u00f0 s\u00fa umfj\u00f6llun A\u00f0alsteini Dav\u00ed\u00f0ssyni a\u00f0 yrkisefni.<\/p>\n\n\n\n<p>F\u00e1g\u00e6tan \u00e1 andans au\u00f0<br>Eyjasveinninn horski:<br>Hefur b\u00e6\u00f0i heila \u00far sau\u00f0<br>og h\u00f6fu\u00f0kvarnir \u00far \u00feorski.<\/p>\n\n\n\n<p class=\"has-text-align-right\"> DV 6. des. 1995<\/p>\n\n\n\n<p><strong>Hvernig v\u00edsa ver\u00f0ur til   <\/strong><br>Til eru nokkrar g\u00f3\u00f0ar v\u00edsur um \u00fea\u00f0 hvernig v\u00edsa ver\u00f0ur til \u00ed huga hagyr\u00f0ings. \u00cd Borgfir\u00f0ingi er \u00e1g\u00e6tur v\u00edsna\u00fe\u00e1ttur og \u00fear var \u00e1 d\u00f6gunum v\u00edsa um \u00feetta efni eftir Hafstein Stef\u00e1nsson.<\/p>\n\n\n\n<p>\u00de\u00e9r \u00e9g segja \u00feetta vil,<br>\u00fev\u00ed \u00e9g hvergi leyni.<br>Svona ver\u00f0ur v\u00edsa til<br>vinurinn minn eini.<\/p>\n\n\n\n<p class=\"has-text-align-right\"> DV 13. des. 1995<\/p>\n\n\n\n<p><br> <\/p>\n\n\n\n<p><\/p>\n\n\n\n<p><\/p>\n","protected":false},"excerpt":{"rendered":"<p>Silfursj\u00f3\u00f0urinn \u00cd Austra er sk\u00fdr fr\u00e1 \u00fev\u00ed a\u00f0 \u00feegar fr\u00e9ttin um hinn r\u00e9tta aldur silfursj\u00f3\u00f0sins fr\u00e1 Mi\u00f0h\u00fasum barst landsl\u00fd\u00f0 \u00e1 \u00f6ldum lj\u00f3svakans hafi hagyr\u00f0ingurinn H\u00e1kon A\u00f0alsteinsson ort v\u00edsu sem hann og Sigr\u00fan Benediktsd\u00f3ttir sendu hj\u00f3nunum \u00ed Mi\u00f0h\u00fasum. V\u00edsan er svona: Rann af m\u00f6nnum m\u00f3\u00f0urinn,margra l\u00e9ttist byr\u00f0in.N\u00fa er silfursj\u00f3\u00f0urinnsinnar \u00feyngdar vir\u00f0i. DV 28. \u00e1g\u00fast 1995 Fimmeyringurinn &hellip; <\/p>\n<p class=\"link-more\"><a href=\"https:\/\/sdor.viki.is\/index.php\/sandkorn-1995\/\" class=\"more-link\">Continue reading<span class=\"screen-reader-text\"> &#8220;Sandkorn 1995&#8221;<\/span><\/a><\/p>\n","protected":false},"author":1,"featured_media":0,"parent":0,"menu_order":0,"comment_status":"closed","ping_status":"closed","template":"","meta":{"om_disable_all_campaigns":false,"_monsterinsights_skip_tracking":false,"_monsterinsights_sitenote_active":false,"_monsterinsights_sitenote_note":"","_monsterinsights_sitenote_category":0,"_uf_show_specific_survey":0,"_uf_disable_surveys":false,"footnotes":""},"class_list":["post-222","page","type-page","status-publish","hentry"],"aioseo_notices":[],"_links":{"self":[{"href":"https:\/\/sdor.viki.is\/index.php\/wp-json\/wp\/v2\/pages\/222","targetHints":{"allow":["GET"]}}],"collection":[{"href":"https:\/\/sdor.viki.is\/index.php\/wp-json\/wp\/v2\/pages"}],"about":[{"href":"https:\/\/sdor.viki.is\/index.php\/wp-json\/wp\/v2\/types\/page"}],"author":[{"embeddable":true,"href":"https:\/\/sdor.viki.is\/index.php\/wp-json\/wp\/v2\/users\/1"}],"replies":[{"embeddable":true,"href":"https:\/\/sdor.viki.is\/index.php\/wp-json\/wp\/v2\/comments?post=222"}],"version-history":[{"count":6,"href":"https:\/\/sdor.viki.is\/index.php\/wp-json\/wp\/v2\/pages\/222\/revisions"}],"predecessor-version":[{"id":433,"href":"https:\/\/sdor.viki.is\/index.php\/wp-json\/wp\/v2\/pages\/222\/revisions\/433"}],"wp:attachment":[{"href":"https:\/\/sdor.viki.is\/index.php\/wp-json\/wp\/v2\/media?parent=222"}],"curies":[{"name":"wp","href":"https:\/\/api.w.org\/{rel}","templated":true}]}}