{"id":2,"date":"2018-03-26T21:37:25","date_gmt":"2018-03-26T21:37:25","guid":{"rendered":"http:\/\/sdor.viki.is\/\/?page_id=2"},"modified":"2019-10-29T17:43:18","modified_gmt":"2019-10-29T17:43:18","slug":"sample-page","status":"publish","type":"page","link":"https:\/\/sdor.viki.is\/index.php\/sample-page\/","title":{"rendered":"B\u00e6ndabla\u00f0i\u00f0"},"content":{"rendered":"\n<div class=\"wp-block-button alignleft is-style-default\"><a class=\"wp-block-button__link has-text-color has-background has-cyan-bluish-gray-background-color\" href=\"http:\/\/sdor.viki.is\/index.php\/2001-2\/\" style=\"color:#ffffff\">2001<\/a><\/div>\n\n\n\n<div class=\"wp-block-button alignleft is-style-default\"><a class=\"wp-block-button__link has-text-color has-background has-cyan-bluish-gray-background-color\" href=\"http:\/\/sdor.viki.is\/index.php\/2002-2\/\" style=\"color:#ffffff\">2002<\/a><\/div>\n\n\n\n<div class=\"wp-block-button alignleft is-style-default\"><a class=\"wp-block-button__link has-text-color has-background has-cyan-bluish-gray-background-color\" href=\"http:\/\/sdor.viki.is\/index.php\/2003-2\/\" style=\"color:#ffffff\">2003<\/a><\/div>\n\n\n\n<div class=\"wp-block-button alignleft is-style-default\"><a class=\"wp-block-button__link has-text-color has-background has-cyan-bluish-gray-background-color\" href=\"http:\/\/sdor.viki.is\/index.php\/2004-2\/\" style=\"color:#ffffff\">2004<\/a><\/div>\n\n\n\n<div class=\"wp-block-button alignleft is-style-default\"><a class=\"wp-block-button__link has-text-color has-background has-cyan-bluish-gray-background-color\" href=\"http:\/\/sdor.viki.is\/index.php\/2005-2\/\" style=\"color:#ffffff\">2005<\/a><\/div>\n\n\n\n<div class=\"wp-block-button alignleft is-style-default\"><a class=\"wp-block-button__link has-text-color has-background has-cyan-bluish-gray-background-color\" href=\"http:\/\/sdor.viki.is\/index.php\/2006-2\/\" style=\"color:#ffffff\">2006<\/a><\/div>\n\n\n\n<div class=\"wp-block-button alignleft is-style-default\"><a class=\"wp-block-button__link has-text-color has-background has-cyan-bluish-gray-background-color\" href=\"http:\/\/sdor.viki.is\/index.php\/2007-2\/\" style=\"color:#ffffff\">2007<\/a><\/div>\n\n\n\n<div class=\"wp-block-button alignleft is-style-default\"><a class=\"wp-block-button__link has-text-color has-background has-cyan-bluish-gray-background-color\" href=\"http:\/\/sdor.viki.is\/index.php\/2008-2\/\" style=\"color:#ffffff\">2008<\/a><\/div>\n","protected":false},"excerpt":{"rendered":"","protected":false},"author":1,"featured_media":251,"parent":0,"menu_order":0,"comment_status":"closed","ping_status":"open","template":"","meta":{"om_disable_all_campaigns":false,"_monsterinsights_skip_tracking":false,"_monsterinsights_sitenote_active":false,"_monsterinsights_sitenote_note":"","_monsterinsights_sitenote_category":0,"_uf_show_specific_survey":0,"_uf_disable_surveys":false,"footnotes":""},"class_list":["post-2","page","type-page","status-publish","has-post-thumbnail","hentry"],"aioseo_notices":[],"_links":{"self":[{"href":"https:\/\/sdor.viki.is\/index.php\/wp-json\/wp\/v2\/pages\/2","targetHints":{"allow":["GET"]}}],"collection":[{"href":"https:\/\/sdor.viki.is\/index.php\/wp-json\/wp\/v2\/pages"}],"about":[{"href":"https:\/\/sdor.viki.is\/index.php\/wp-json\/wp\/v2\/types\/page"}],"author":[{"embeddable":true,"href":"https:\/\/sdor.viki.is\/index.php\/wp-json\/wp\/v2\/users\/1"}],"replies":[{"embeddable":true,"href":"https:\/\/sdor.viki.is\/index.php\/wp-json\/wp\/v2\/comments?post=2"}],"version-history":[{"count":17,"href":"https:\/\/sdor.viki.is\/index.php\/wp-json\/wp\/v2\/pages\/2\/revisions"}],"predecessor-version":[{"id":170,"href":"https:\/\/sdor.viki.is\/index.php\/wp-json\/wp\/v2\/pages\/2\/revisions\/170"}],"wp:featuredmedia":[{"embeddable":true,"href":"https:\/\/sdor.viki.is\/index.php\/wp-json\/wp\/v2\/media\/251"}],"wp:attachment":[{"href":"https:\/\/sdor.viki.is\/index.php\/wp-json\/wp\/v2\/media?parent=2"}],"curies":[{"name":"wp","href":"https:\/\/api.w.org\/{rel}","templated":true}]}}