{"id":126,"date":"2019-10-22T16:14:01","date_gmt":"2019-10-22T16:14:01","guid":{"rendered":"http:\/\/sdor.viki.is\/?page_id=126"},"modified":"2019-10-29T18:38:56","modified_gmt":"2019-10-29T18:38:56","slug":"s-dor","status":"publish","type":"page","link":"https:\/\/sdor.viki.is\/index.php\/s-dor\/","title":{"rendered":"S.d\u00f3r"},"content":{"rendered":"\n<h1 class=\"wp-block-heading\"><a><strong>Sigurd\u00f3r\nSigurd\u00f3rsson<\/strong><\/a><strong><\/strong><\/h1>\n\n\n\n<p><strong>-\u00f6rstutt \u00e6vi\u00e1grip<\/strong><\/p>\n\n\n\n<p>Sigurd\u00f3r f\u00e6ddist 24. n\u00f3vember \u00e1ri\u00f0 1938 \u00ed Hl\u00ed\u00f0arh\u00fasum \u00e1\nAkranesi. Foreldrar hans voru Gu\u00f0r\u00fan T\u00f3masd\u00f3ttir, 1909 &#8211; 1951, og Sigurd\u00f3r\nSigur\u00f0sson, 1895 &#8211; 1963.<\/p>\n\n\n\n<p>Sigurd\u00f3r flutti til Reykjav\u00edkur \u00e1ri\u00f0 1955 og h\u00f3f n\u00e1m \u00ed\nprenti\u00f0n \u00e1ri s\u00ed\u00f0ar en hann starfa\u00f0i sem prentari allt fram til \u00e1rsins 1969 \u00feegar\nhann s\u00f6\u00f0la\u00f0i um og ger\u00f0ist bla\u00f0ama\u00f0ur. <\/p>\n\n\n\n<figure class=\"wp-block-image\"><img loading=\"lazy\" decoding=\"async\" width=\"723\" height=\"1024\" src=\"http:\/\/sdor.viki.is\/wp-content\/uploads\/2019\/10\/sdor2-723x1024.png\" alt=\"\" class=\"wp-image-200\" srcset=\"https:\/\/sdor.viki.is\/wp-content\/uploads\/2019\/10\/sdor2-723x1024.png 723w, https:\/\/sdor.viki.is\/wp-content\/uploads\/2019\/10\/sdor2-212x300.png 212w, https:\/\/sdor.viki.is\/wp-content\/uploads\/2019\/10\/sdor2-768x1088.png 768w, https:\/\/sdor.viki.is\/wp-content\/uploads\/2019\/10\/sdor2.png 1572w\" sizes=\"auto, (max-width: 723px) 100vw, 723px\" \/><\/figure>\n\n\n\n<p>Samhli\u00f0a \u00fev\u00ed a\u00f0 vera prentari var Sigurd\u00f3r d\u00e6gurlagas\u00f6ngvari\nallt fram til \u00e1rsins 1967 og var hann nokku\u00f0 \u00feekktur og vins\u00e6ll sem sl\u00edkur.\nHann h\u00f3f ferilinn t\u00e6plega 17 \u00e1ra \u00feegar hann kom fram \u00e1 skemmtun \u00e1 vegum \u00cdslenskra\nt\u00f3na \u00e1ri\u00f0 1955. Eftir \u00fea\u00f0 s\u00f6ng hann um allt land n\u00e6stu 12 \u00e1rin me\u00f0 hinum \u00fdmsu\nt\u00f3nlistarm\u00f6nnum eins og hlj\u00f3msveit Aage Lorange, Svavari Gests, en me\u00f0\nhlj\u00f3msveit hans s\u00f6ng hann \u00de\u00f3rsmerkurlj\u00f3\u00f0 Sigur\u00f0ar \u00de\u00f3rarinssonar inn \u00e1 pl\u00f6tu, og\nme\u00f0 hlj\u00f3msveit Sverris Gar\u00f0arssonar s\u00f6ng hann \u00ed Sj\u00e1lfsst\u00e6\u00f0ish\u00fasinu \u00e1 \u00e1runum 1961\n&#8211; 3. Hann var \u00ed lausamennsku 1963 \u2013 4 en \u00e1ri\u00f0 1965 leysti hann Ell\u00fd Vilhj\u00e1lms\naf \u00ed Kl\u00fabbnum. N\u00e6stu tv\u00f6 \u00e1rin s\u00f6ng hann svo me\u00f0 Ey\u00fe\u00f3ri \u00deorl\u00e1kssyni \u00e1 R\u00f6\u00f0li e\u00f0a\nallt \u00fear til r\u00f6dd gaf sig \u00e1ri\u00f0 1967. <\/p>\n\n\n\n<p>Lengstan starfsferil \u00e1 Sigurd\u00f3r sem bla\u00f0ama\u00f0ur en hann\nstarfa\u00f0i sem sl\u00edkur fr\u00e1 \u00e1rinu 1967, byrja\u00f0i sem \u00ed\u00fer\u00f3ttafr\u00e9ttaritari <em>\u00dej\u00f3\u00f0viljans<\/em>, og h\u00e6tti ekki fyrr en\ndaginn sem hann var\u00f0 70 \u00e1ra e\u00f0a 24. n\u00f3v. 2008 og \u00fe\u00e1 bla\u00f0ama\u00f0ur \u00e1 <em>B\u00e6ndabla\u00f0inu<\/em>.<\/p>\n\n\n\n<p>\u00c1 \u00e1runum 1967 \u2013 9 starfa\u00f0i Sigurd\u00f3r sem prentari en samhli\u00f0a\n\u00fev\u00ed skrifa\u00f0i hann \u00ed\u00fer\u00f3ttafr\u00e9ttir fyrir <em>\u00dej\u00f3\u00f0viljann<\/em>\nog \u00e1ri\u00f0 1969 var hann be\u00f0inn a\u00f0 gerast almennur bla\u00f0ama\u00f0ur \u00e1 <em>\u00dej\u00f3\u00f0viljanum<\/em> \u00ed fullu starfi. Samhli\u00f0a\nalmennum skrifum starfa\u00f0i hann sem \u00ed\u00fer\u00f3ttafr\u00e9ttaritari allt fram til \u00e1rsins\n1977 en h\u00e6tti \u00fev\u00ed \u00feegar hann ger\u00f0ist fararstj\u00f3ri \u00e1 Sp\u00e1ni \u00ed nokkra m\u00e1nu\u00f0i \u00e1 \u00e1ri\nen sem sl\u00edkur starfa\u00f0i hann n\u00e6stu t\u00edu \u00e1rin e\u00f0a til \u00e1rsins 1987.<\/p>\n\n\n\n<p>Sigurd\u00f3r s\u00f6\u00f0la\u00f0i um eftir \u00e1tj\u00e1n \u00e1ra starf \u00e1 <em>\u00dej\u00f3\u00f0viljanum<\/em> og h\u00f3f st\u00f6rf \u00e1 dagbla\u00f0inu <em>DV<\/em> \u00ed okt\u00f3ber 1986 og var \u00fear \u00ed ellefu \u00e1r\ne\u00f0a allt fram til 1. september 1997.<\/p>\n\n\n\n<figure class=\"wp-block-image\"><img loading=\"lazy\" decoding=\"async\" width=\"848\" height=\"1024\" src=\"http:\/\/sdor.viki.is\/wp-content\/uploads\/2019\/10\/sdor-1-848x1024.png\" alt=\"\" class=\"wp-image-196\" srcset=\"https:\/\/sdor.viki.is\/wp-content\/uploads\/2019\/10\/sdor-1-848x1024.png 848w, https:\/\/sdor.viki.is\/wp-content\/uploads\/2019\/10\/sdor-1-248x300.png 248w, https:\/\/sdor.viki.is\/wp-content\/uploads\/2019\/10\/sdor-1-768x928.png 768w, https:\/\/sdor.viki.is\/wp-content\/uploads\/2019\/10\/sdor-1.png 1192w\" sizes=\"auto, (max-width: 767px) 89vw, (max-width: 1000px) 54vw, (max-width: 1071px) 543px, 580px\" \/><\/figure>\n\n\n\n<p>\u00deann 1. september \u00e1ri\u00f0 1997 h\u00f3f hann st\u00f6rf \u00e1 dagbla\u00f0inu <em>Degi<\/em> og vann \u00fear \u00fear til bla\u00f0i\u00f0 var lagt\nni\u00f0ur \u00feann 17. mars 2001.<\/p>\n\n\n\n<p>\u00deann 1. september 2001 h\u00f3f Sigurd\u00f3r st\u00f6rf hj\u00e1 <em>B\u00e6ndabla\u00f0inu<\/em> en \u00fear starfa\u00f0i hann n\u00e6stu\nsj\u00f6 \u00e1rin e\u00f0a \u00fear til hann l\u00e9t af st\u00f6rfum vegna aldurs \u00feann 24. n\u00f3vember 2008.<\/p>\n\n\n\n<p>Sigurd\u00f3r skr\u00e1setti tv\u00e6r \u00e6vis\u00f6gur. \u00c1ri\u00f0 1987 kom \u00fat <em>Spaugsami sp\u00f6rfuglinn<\/em>, en \u00fear l\u00fdsir\n\u00der\u00f6stur Sigtryggsson skipherra l\u00edfshlaupi s\u00ednu \u00ed l\u00e9ttum d\u00far. T\u00edu \u00e1rum s\u00ed\u00f0ar e\u00f0a\n\u00e1ri\u00f0 1997 kom \u00fat b\u00f3kin <em>\u00dea\u00f0 var rosaleg<\/em>,\n\u00e6visaga H\u00e1konar A\u00f0alsteinssonar, en hann var b\u00e6\u00f0i sk\u00e1ld og sk\u00f3garb\u00f3ndi. \u00c1ri\u00f0\n1977 skrifa\u00f0i hann b\u00f3kina <em>Til fiskivei\u00f0a\nf\u00f3ru \u2013 70 \u00e1r \u00e1 sj\u00f3 og landi<\/em> sem er afm\u00e6lisrit HB og Co. Tilefni\u00f0 var a\u00f0 70\n\u00e1r voru li\u00f0in fr\u00e1 \u00fev\u00ed a\u00f0 Haraldur B\u00f6\u00f0varsson h\u00f3f \u00fatger\u00f0 \u00e1 sex\u00e6ringi fr\u00e1\nAkranesi en \u00ed henni er a\u00f0 finna fj\u00f6lda vi\u00f0tala sem Sigud\u00f3r t\u00f3k vi\u00f0 hina \u00fdmsu\nstarfsmenn fyrirt\u00e6kisins. <\/p>\n\n\n\n<p>Eins og fram hefur komi\u00f0 dvaldi Sigurd\u00f3r \u00ed nokkra m\u00e1nu\u00f0i \u00e1\n\u00e1ri \u00ed t\u00edu \u00e1r \u00ed \u00fev\u00ed lj\u00fafa landi Sp\u00e1ni en hann var fararstj\u00f3ri \u00fear \u00e1samt\neiginkonu sinni, Sigr\u00fanu Gissurard\u00f3ttur, fr\u00e1 vorinu 1977 til haustsins 1987.\nAuk \u00feess var hann og \u00feau hj\u00f3nin fararstj\u00f3rar \u00cdslendinga \u00ed heimsreisu sem var\nfarin \u00ed okt\u00f3ber \u00e1ri\u00f0 1997.<\/p>\n\n\n\n<figure class=\"wp-block-image\"><img loading=\"lazy\" decoding=\"async\" width=\"678\" height=\"1024\" src=\"http:\/\/sdor.viki.is\/wp-content\/uploads\/2019\/10\/sdor3-678x1024.png\" alt=\"\" class=\"wp-image-201\" srcset=\"https:\/\/sdor.viki.is\/wp-content\/uploads\/2019\/10\/sdor3-678x1024.png 678w, https:\/\/sdor.viki.is\/wp-content\/uploads\/2019\/10\/sdor3-199x300.png 199w, https:\/\/sdor.viki.is\/wp-content\/uploads\/2019\/10\/sdor3-768x1159.png 768w, https:\/\/sdor.viki.is\/wp-content\/uploads\/2019\/10\/sdor3.png 1439w\" sizes=\"auto, (max-width: 678px) 100vw, 678px\" \/><\/figure>\n\n\n\n<p>Eins og s\u00e9st \u00e1 \u00feessari upptalningu hefur Sigurd\u00f3r komi\u00f0 v\u00ed\u00f0a\nvi\u00f0. \u00dea\u00f0 sem einkennir \u00fe\u00f3 \u00f6ll \u00feau st\u00f6rf sem hann hefur unni\u00f0 er a\u00f0 hann er\nalltaf a\u00f0 vinna a\u00f0 \u00fev\u00ed a\u00f0 mi\u00f0la menningu \u00e1 einn e\u00f0a annan h\u00e1tt. Hann hefur\nalltaf unni\u00f0 vi\u00f0 \u00fea\u00f0 a\u00f0 mi\u00f0la fr\u00f3\u00f0leik, gefa af s\u00e9r \u2013 hann er og hefur alltaf\nveri\u00f0 gle\u00f0igjafi. Fyrir \u00fea\u00f0 ber a\u00f0 \u00feakka.<\/p>\n","protected":false},"excerpt":{"rendered":"<p>Sigurd\u00f3r Sigurd\u00f3rsson -\u00f6rstutt \u00e6vi\u00e1grip Sigurd\u00f3r f\u00e6ddist 24. n\u00f3vember \u00e1ri\u00f0 1938 \u00ed Hl\u00ed\u00f0arh\u00fasum \u00e1 Akranesi. Foreldrar hans voru Gu\u00f0r\u00fan T\u00f3masd\u00f3ttir, 1909 &#8211; 1951, og Sigurd\u00f3r Sigur\u00f0sson, 1895 &#8211; 1963. Sigurd\u00f3r flutti til Reykjav\u00edkur \u00e1ri\u00f0 1955 og h\u00f3f n\u00e1m \u00ed prenti\u00f0n \u00e1ri s\u00ed\u00f0ar en hann starfa\u00f0i sem prentari allt fram til \u00e1rsins 1969 \u00feegar hann s\u00f6\u00f0la\u00f0i um &hellip; <\/p>\n<p class=\"link-more\"><a href=\"https:\/\/sdor.viki.is\/index.php\/s-dor\/\" class=\"more-link\">Continue reading<span class=\"screen-reader-text\"> &#8220;S.d\u00f3r&#8221;<\/span><\/a><\/p>\n","protected":false},"author":1,"featured_media":271,"parent":0,"menu_order":0,"comment_status":"closed","ping_status":"closed","template":"","meta":{"om_disable_all_campaigns":false,"_monsterinsights_skip_tracking":false,"_monsterinsights_sitenote_active":false,"_monsterinsights_sitenote_note":"","_monsterinsights_sitenote_category":0,"_uf_show_specific_survey":0,"_uf_disable_surveys":false,"footnotes":""},"class_list":["post-126","page","type-page","status-publish","has-post-thumbnail","hentry"],"aioseo_notices":[],"_links":{"self":[{"href":"https:\/\/sdor.viki.is\/index.php\/wp-json\/wp\/v2\/pages\/126","targetHints":{"allow":["GET"]}}],"collection":[{"href":"https:\/\/sdor.viki.is\/index.php\/wp-json\/wp\/v2\/pages"}],"about":[{"href":"https:\/\/sdor.viki.is\/index.php\/wp-json\/wp\/v2\/types\/page"}],"author":[{"embeddable":true,"href":"https:\/\/sdor.viki.is\/index.php\/wp-json\/wp\/v2\/users\/1"}],"replies":[{"embeddable":true,"href":"https:\/\/sdor.viki.is\/index.php\/wp-json\/wp\/v2\/comments?post=126"}],"version-history":[{"count":5,"href":"https:\/\/sdor.viki.is\/index.php\/wp-json\/wp\/v2\/pages\/126\/revisions"}],"predecessor-version":[{"id":202,"href":"https:\/\/sdor.viki.is\/index.php\/wp-json\/wp\/v2\/pages\/126\/revisions\/202"}],"wp:featuredmedia":[{"embeddable":true,"href":"https:\/\/sdor.viki.is\/index.php\/wp-json\/wp\/v2\/media\/271"}],"wp:attachment":[{"href":"https:\/\/sdor.viki.is\/index.php\/wp-json\/wp\/v2\/media?parent=126"}],"curies":[{"name":"wp","href":"https:\/\/api.w.org\/{rel}","templated":true}]}}